{"id":436,"date":"2023-10-02T13:16:15","date_gmt":"2023-10-02T10:16:15","guid":{"rendered":"https:\/\/west-wind.fi\/?page_id=436"},"modified":"2023-10-03T10:35:00","modified_gmt":"2023-10-03T07:35:00","slug":"kauniskangas-kyyjarvi","status":"publish","type":"page","link":"https:\/\/west-wind.fi\/en\/projects\/kauniskangas-kyyjarvi\/","title":{"rendered":"Kauniskangas Kyyj\u00e4rvi"},"content":{"rendered":"<div class=\"wpb-content-wrapper\">[vc_row][vc_column]\n\t\t\t\t<p class=\"rs-p-wp-fix\"><\/p>\n\t\t\t\t<sr7-module data-alias=\"hankkeet-slider\" data-id=\"9\" id=\"SR7_9_1\" data-version=\"6.7.51\">\n\t\t\t\t\t<sr7-adjuster><\/sr7-adjuster>\n\t\t\t\t\t<sr7-content>\n\t\t\t\t\t\t<sr7-slide id=\"SR7_9_1-9\" data-key=\"9\">\n\t\t\t\t\t\t\t<sr7-bg id=\"SR7_9_1-9-slidebg\" class=\"sr7-layer\"><noscript><img decoding=\"async\" src=\"https:\/\/west-wind.fi\/wp-content\/uploads\/2023\/10\/hankkeet-slider.jpg\" alt=\"West Wind hankkeet\" title=\"\"><\/noscript><\/sr7-bg>\n\t\t\t\t\t\t<\/sr7-slide>\n\t\t\t\t\t\t<sr7-slide id=\"SR7_9_1-19\" data-key=\"19\">\n\t\t\t\t\t\t<\/sr7-slide>\n\t\t\t\t\t<\/sr7-content>\n\t\t\t\t<\/sr7-module>\n\t\t\t\t<script>\n\t\t\t\t\twindow.SR7 ??={};SR7.PMH ??={}; SR7.PMH[\"SR7_9_1\"] = {cn:100,state:false,fn: function() { if (window._tpt!==undefined && window._tpt.prepareModuleHeight !== undefined) {  _tpt.prepareModuleHeight({id:\"SR7_9_1\",el:[500],type:'standard',shdw:'0',gh:[500],gw:[1640],vpt:['-200px'],size:{fullWidth:true, fullHeight:false},mh:'0',onh:0,onw:0,bg:{color:'transparent'}});   SR7.PMH[\"SR7_9_1\"].state=true;} else if(SR7.PMH[\"SR7_9_1\"].cn-->0)\tsetTimeout( SR7.PMH[\"SR7_9_1\"].fn,19);}};SR7.PMH[\"SR7_9_1\" ].fn();\n\t\t\t\t<\/script>\n[\/vc_column][\/vc_row][vc_row][vc_column][mk_padding_divider size=&#8221;50&#8243;][\/vc_column][\/vc_row][vc_row][vc_column width=&#8221;1\/2&#8243;][mk_gallery images=&#8221;404&#8243; column=&#8221;1&#8243; image_size=&#8221;full&#8221; hover_scenarios=&#8221;slow_zoom&#8221; item_spacing=&#8221;10&#8243;][mk_padding_divider][\/vc_column][vc_column width=&#8221;1\/2&#8243;][vc_column_text css=&#8221;.vc_custom_1696241285788{margin-bottom: 0px !important;}&#8221;]\n<h1>KAUNISKANGAS<br \/>\nKyyj\u00e4rvi<\/h1>\n<p>The Kauniskangas project area is located approximately 2.5 kilometers from the municipal borders of Soini and Alaj\u00e4rvi in South Ostrobothnia, Finland. The M\u00f6ksy village in Alaj\u00e4rvi is approximately 4 kilometers to the west, and the center of Kyyj\u00e4rvi is about 3.5 kilometers to the northeast from the project area.<\/p>\n<p>The project site spans 1,800 hectares and is scheduled for the installation of 9 wind turbines, along with a 370-hectare solar power facility. The total capacity of the project is estimated to be 369 MW, with 73 MW from wind power production and 296 MW from solar power production.<\/p>\n<p>The electrical transmission for the wind farm will be connected to the national grid approximately 12 kilometers away, at the M\u00f6ksy substation in Alaj\u00e4rvi. Internal electrical transmission within the wind turbine area will be implemented using underground cables.<\/p>\n<p>The planning of the Environmental Impact Assessment (EIA) began in November 2020 in collaboration with Ramboll Finland Oy. Kyyj\u00e4rvi municipality unanimously approved the zoning initiative for the project in December 2020. Additional surveys required by the ELY are currently being finalized for the area.<\/p>\n[\/vc_column_text][\/vc_column][\/vc_row][mk_page_section bg_color=&#8221;rgba(205,205,213,0.5)&#8221; padding_top=&#8221;30&#8243; padding_bottom=&#8221;30&#8243; sidebar=&#8221;sidebar-1&#8243;][vc_column width=&#8221;1\/2&#8243;][vc_column_text css=&#8221;.vc_custom_1696318491265{margin-bottom: 0px !important;}&#8221;]\n<h3>Project information<\/h3>\n<table class=\"hanketaulu\">\n<tbody>\n<tr>\n<td class=\"specs1\">PROJECT NAME<\/td>\n<td class=\"specsspace\" width=\"20\"><\/td>\n<td class=\"specs2\">KAUNISKANGAS<\/td>\n<\/tr>\n<tr>\n<td class=\"specs1\">Location<\/td>\n<td class=\"specsspace\" width=\"20\"><\/td>\n<td class=\"specs2\">Kyyj\u00e4rvi<\/td>\n<\/tr>\n<tr>\n<td class=\"specs1\">Technology<\/td>\n<td class=\"specsspace\" width=\"20\"><\/td>\n<td class=\"specs2\">Onshore wind power, Solar power<\/td>\n<\/tr>\n<tr>\n<td class=\"specs1\">Phase<\/td>\n<td class=\"specsspace\" width=\"20\"><\/td>\n<td class=\"specs2\"><span class=\"ui-provider ec bmd bme bmf bmg bmh bmi bmj bmk bml bmm bmn bmo bmp bmq bmr bms bmt bmu bmv bmw bmx bmy bmz bna bnb bnc bnd bne bnf bng bnh bni bnj bnk\" dir=\"ltr\">In permission process<\/span><\/td>\n<\/tr>\n<tr>\n<td class=\"specs1\">Area<\/td>\n<td class=\"specsspace\" width=\"20\"><\/td>\n<td class=\"specs2\">Finland<\/td>\n<\/tr>\n<tr>\n<td style=\"height: 1px; line-height: 2px;\" colspan=\"3\" height=\"1\">\n<hr class=\"spechr\" \/>\n<\/td>\n<\/tr>\n<tr>\n<td class=\"specs1\" colspan=\"3\">ONSHORE WIND POWER:<\/td>\n<\/tr>\n<tr>\n<td class=\"specs1\">Surface area (ha)<\/td>\n<td class=\"specsspace\" width=\"20\"><\/td>\n<td class=\"specs2\">1800<\/td>\n<\/tr>\n<tr>\n<td class=\"specs1\">Power plants (pcs) max.<\/td>\n<td class=\"specsspace\" width=\"20\"><\/td>\n<td class=\"specs2\">9<\/td>\n<\/tr>\n<tr>\n<td class=\"specs1\">Power plants (pcs) min.<\/td>\n<td class=\"specsspace\" width=\"20\"><\/td>\n<td class=\"specs2\">7<\/td>\n<\/tr>\n<tr>\n<td class=\"specs1\">Power (MW) min.<\/td>\n<td class=\"specsspace\" width=\"20\"><\/td>\n<td class=\"specs2\">57<\/td>\n<\/tr>\n<tr>\n<td class=\"specs1\">Power (MW) max.<\/td>\n<td class=\"specsspace\" width=\"20\"><\/td>\n<td class=\"specs2\">74<\/td>\n<\/tr>\n<tr>\n<td style=\"height: 1px; line-height: 2px;\" colspan=\"3\" height=\"1\">\n<hr class=\"spechr\" \/>\n<\/td>\n<\/tr>\n<tr>\n<td class=\"specs1\" colspan=\"3\">SOLAR POWER:<\/td>\n<\/tr>\n<tr>\n<td class=\"specs1\">Surface area (ha)<\/td>\n<td class=\"specsspace\" width=\"20\"><\/td>\n<td class=\"specs2\">350<\/td>\n<\/tr>\n<tr>\n<td class=\"specs1\">Power (MW)<\/td>\n<td class=\"specsspace\" width=\"20\"><\/td>\n<td class=\"specs2\">280<\/td>\n<\/tr>\n<tr>\n<td style=\"height: 1px; line-height: 2px;\" colspan=\"3\" height=\"1\">\n<hr class=\"spechr\" \/>\n<\/td>\n<\/tr>\n<\/tbody>\n<\/table>\n[\/vc_column_text][\/vc_column][vc_column width=&#8221;1\/2&#8243;][mk_padding_divider size=&#8221;190&#8243; visibility=&#8221;hidden-sm&#8221;][vc_column_text css=&#8221;.vc_custom_1696231573379{margin-bottom: 0px !important;}&#8221;]<span style=\"text-align: center; margin-left: auto; margin-right: auto;\"><img loading=\"lazy\" decoding=\"async\" class=\"alignnone size-medium wp-image-375\" src=\"https:\/\/west-wind.fi\/wp-content\/uploads\/2023\/10\/tuuliturbiini-300x300.png\" alt=\"Tuuliturbiini\" width=\"200\" height=\"200\" srcset=\"https:\/\/west-wind.fi\/wp-content\/uploads\/2023\/10\/tuuliturbiini.png 300w, https:\/\/west-wind.fi\/wp-content\/uploads\/2023\/10\/tuuliturbiini-150x150.png 150w\" sizes=\"auto, (max-width: 200px) 100vw, 200px\" \/><img loading=\"lazy\" decoding=\"async\" class=\"alignnone size-medium wp-image-377\" src=\"https:\/\/west-wind.fi\/wp-content\/uploads\/2023\/10\/aurinkovoimapuisto-300x300.png\" alt=\"\" width=\"200\" height=\"200\" srcset=\"https:\/\/west-wind.fi\/wp-content\/uploads\/2023\/10\/aurinkovoimapuisto.png 300w, https:\/\/west-wind.fi\/wp-content\/uploads\/2023\/10\/aurinkovoimapuisto-150x150.png 150w\" sizes=\"auto, (max-width: 200px) 100vw, 200px\" \/><\/span>[\/vc_column_text][\/vc_column][\/mk_page_section]\n<\/div>","protected":false},"excerpt":{"rendered":"<p>[vc_row][vc_column][\/vc_column][\/vc_row][vc_row][vc_column][mk_padding_divider size=&#8221;50&#8243;][\/vc_column][\/vc_row][vc_row][vc_column width=&#8221;1\/2&#8243;][mk_gallery images=&#8221;404&#8243; column=&#8221;1&#8243; image_size=&#8221;full&#8221; hover_scenarios=&#8221;slow_zoom&#8221; item_spacing=&#8221;10&#8243;][mk_padding_divider][\/vc_column][vc_column width=&#8221;1\/2&#8243;][vc_column_text css=&#8221;.vc_custom_1696241285788{margin-bottom: 0px !important;}&#8221;] KAUNISKANGAS Kyyj\u00e4rvi The Kauniskangas project area is located approximately 2.5 kilometers from the municipal borders of Soini and Alaj\u00e4rvi in South Ostrobothnia, Finland. The M\u00f6ksy village in Alaj\u00e4rvi is approximately 4 kilometers to the west, and the center of Kyyj\u00e4rvi is about 3.5 [&hellip;]<\/p>\n","protected":false},"author":1,"featured_media":0,"parent":433,"menu_order":0,"comment_status":"closed","ping_status":"closed","template":"","meta":{"footnotes":""},"class_list":["post-436","page","type-page","status-publish","hentry"],"_links":{"self":[{"href":"https:\/\/west-wind.fi\/en\/wp-json\/wp\/v2\/pages\/436","targetHints":{"allow":["GET"]}}],"collection":[{"href":"https:\/\/west-wind.fi\/en\/wp-json\/wp\/v2\/pages"}],"about":[{"href":"https:\/\/west-wind.fi\/en\/wp-json\/wp\/v2\/types\/page"}],"author":[{"embeddable":true,"href":"https:\/\/west-wind.fi\/en\/wp-json\/wp\/v2\/users\/1"}],"replies":[{"embeddable":true,"href":"https:\/\/west-wind.fi\/en\/wp-json\/wp\/v2\/comments?post=436"}],"version-history":[{"count":3,"href":"https:\/\/west-wind.fi\/en\/wp-json\/wp\/v2\/pages\/436\/revisions"}],"predecessor-version":[{"id":456,"href":"https:\/\/west-wind.fi\/en\/wp-json\/wp\/v2\/pages\/436\/revisions\/456"}],"up":[{"embeddable":true,"href":"https:\/\/west-wind.fi\/en\/wp-json\/wp\/v2\/pages\/433"}],"wp:attachment":[{"href":"https:\/\/west-wind.fi\/en\/wp-json\/wp\/v2\/media?parent=436"}],"curies":[{"name":"wp","href":"https:\/\/api.w.org\/{rel}","templated":true}]}}