{"id":437,"date":"2023-10-02T13:16:10","date_gmt":"2023-10-02T10:16:10","guid":{"rendered":"https:\/\/west-wind.fi\/?page_id=437"},"modified":"2023-10-03T10:48:32","modified_gmt":"2023-10-03T07:48:32","slug":"pirtti-moskuva-keuruu-multia-ja-petajavesi","status":"publish","type":"page","link":"https:\/\/west-wind.fi\/en\/projects\/pirtti-moskuva-keuruu-multia-ja-petajavesi\/","title":{"rendered":"Pirtti-Moskuva, Keuruu, Multia ja Pet\u00e4j\u00e4vesi"},"content":{"rendered":"<div class=\"wpb-content-wrapper\">[vc_row][vc_column]\n\t\t\t\t<p class=\"rs-p-wp-fix\"><\/p>\n\t\t\t\t<sr7-module data-alias=\"hankkeet-slider\" data-id=\"9\" id=\"SR7_9_1\" data-version=\"6.7.51\">\n\t\t\t\t\t<sr7-adjuster><\/sr7-adjuster>\n\t\t\t\t\t<sr7-content>\n\t\t\t\t\t\t<sr7-slide id=\"SR7_9_1-9\" data-key=\"9\">\n\t\t\t\t\t\t\t<sr7-bg id=\"SR7_9_1-9-slidebg\" class=\"sr7-layer\"><noscript><img decoding=\"async\" src=\"https:\/\/west-wind.fi\/wp-content\/uploads\/2023\/10\/hankkeet-slider.jpg\" alt=\"West Wind hankkeet\" title=\"\"><\/noscript><\/sr7-bg>\n\t\t\t\t\t\t<\/sr7-slide>\n\t\t\t\t\t\t<sr7-slide id=\"SR7_9_1-19\" data-key=\"19\">\n\t\t\t\t\t\t<\/sr7-slide>\n\t\t\t\t\t<\/sr7-content>\n\t\t\t\t<\/sr7-module>\n\t\t\t\t<script>\n\t\t\t\t\twindow.SR7 ??={};SR7.PMH ??={}; SR7.PMH[\"SR7_9_1\"] = {cn:100,state:false,fn: function() { if (window._tpt!==undefined && window._tpt.prepareModuleHeight !== undefined) {  _tpt.prepareModuleHeight({id:\"SR7_9_1\",el:[500],type:'standard',shdw:'0',gh:[500],gw:[1640],vpt:['-200px'],size:{fullWidth:true, fullHeight:false},mh:'0',onh:0,onw:0,bg:{color:'transparent'}});   SR7.PMH[\"SR7_9_1\"].state=true;} else if(SR7.PMH[\"SR7_9_1\"].cn-->0)\tsetTimeout( SR7.PMH[\"SR7_9_1\"].fn,19);}};SR7.PMH[\"SR7_9_1\" ].fn();\n\t\t\t\t<\/script>\n[\/vc_column][\/vc_row][vc_row][vc_column][mk_padding_divider size=&#8221;50&#8243;][\/vc_column][\/vc_row][vc_row][vc_column width=&#8221;1\/2&#8243;][mk_gallery images=&#8221;402&#8243; column=&#8221;1&#8243; image_size=&#8221;full&#8221; hover_scenarios=&#8221;slow_zoom&#8221; item_spacing=&#8221;10&#8243;][mk_padding_divider][\/vc_column][vc_column width=&#8221;1\/2&#8243;][vc_column_text css=&#8221;.vc_custom_1696319308221{margin-bottom: 0px !important;}&#8221;]\n<h1>Pirtti-Moskuva<br \/>\nKeuruu, Multia ja Pet\u00e4j\u00e4vesi<\/h1>\n<p>The Pirtti-Moskuva project spans the municipalities of Keuruu, Pet\u00e4j\u00e4vesi, and Multia. The project area is located approximately 6 km from the center of Pet\u00e4j\u00e4vesi and about 12 km from the central areas of Multia and Keuruu. The project area includes the peat production areas of Penkkisuo, Moskuvansuo, and Ukonmurronsuo.<\/p>\n<p>The project encompasses an area of 2,400 hectares, with plans for the construction of 19 wind turbines and a 180-hectare solar power facility within the space. The total capacity of the project is estimated to be 299 MW, with 155 MW from wind power production and 144 MW from solar power production.<\/p>\n<p>WestWind Oy has submitted zoning initiatives for the Pirtti-Moskuva area to the municipalities of Keuruu, Multia, and Pet\u00e4j\u00e4vesi.[\/vc_column_text][\/vc_column][\/vc_row][mk_page_section bg_color=&#8221;rgba(205,205,213,0.5)&#8221; padding_top=&#8221;30&#8243; padding_bottom=&#8221;30&#8243; sidebar=&#8221;sidebar-1&#8243;][vc_column width=&#8221;1\/2&#8243;][vc_column_text css=&#8221;.vc_custom_1696318531102{margin-bottom: 0px !important;}&#8221;]\n<h3>Project information<\/h3>\n<table class=\"hanketaulu\">\n<tbody>\n<tr>\n<td class=\"specs1\">PROJECT NAME<\/td>\n<td class=\"specsspace\" width=\"20\"><\/td>\n<td class=\"specs2\">PIRTTI-MOSKUVA<\/td>\n<\/tr>\n<tr>\n<td class=\"specs1\">Location<\/td>\n<td class=\"specsspace\" width=\"20\"><\/td>\n<td class=\"specs2\">Keuruu, Pet\u00e4j\u00e4vesi, Multia<\/td>\n<\/tr>\n<tr>\n<td class=\"specs1\">Technology<\/td>\n<td class=\"specsspace\" width=\"20\"><\/td>\n<td class=\"specs2\">Onshore wind power, Solar power<\/td>\n<\/tr>\n<tr>\n<td class=\"specs1\">Phase<\/td>\n<td class=\"specsspace\" width=\"20\"><\/td>\n<td class=\"specs2\">In permission process<\/td>\n<\/tr>\n<tr>\n<td class=\"specs1\">Area<\/td>\n<td class=\"specsspace\" width=\"20\"><\/td>\n<td class=\"specs2\">Finland<\/td>\n<\/tr>\n<tr>\n<td style=\"height: 1px; line-height: 2px;\" colspan=\"3\" height=\"1\">\n<hr class=\"spechr\" \/>\n<\/td>\n<\/tr>\n<tr>\n<td class=\"specs1\" colspan=\"3\">ONSHORE WIND POWER:<\/td>\n<\/tr>\n<tr>\n<td class=\"specs1\">Surface area (ha)<\/td>\n<td class=\"specsspace\" width=\"20\"><\/td>\n<td class=\"specs2\">2400<\/td>\n<\/tr>\n<tr>\n<td class=\"specs1\">Power plants (pcs) max.<\/td>\n<td class=\"specsspace\" width=\"20\"><\/td>\n<td class=\"specs2\">19<\/td>\n<\/tr>\n<tr>\n<td class=\"specs1\">Power plants (pcs) min.<\/td>\n<td class=\"specsspace\" width=\"20\"><\/td>\n<td class=\"specs2\">16<\/td>\n<\/tr>\n<tr>\n<td class=\"specs1\">Power (MW) min.<\/td>\n<td class=\"specsspace\" width=\"20\"><\/td>\n<td class=\"specs2\">131<\/td>\n<\/tr>\n<tr>\n<td class=\"specs1\">Power (MW) max.<\/td>\n<td class=\"specsspace\" width=\"20\"><\/td>\n<td class=\"specs2\">156<\/td>\n<\/tr>\n<tr>\n<td style=\"height: 1px; line-height: 2px;\" colspan=\"3\" height=\"1\">\n<hr class=\"spechr\" \/>\n<\/td>\n<\/tr>\n<tr>\n<td class=\"specs1\" colspan=\"3\">SOLAR POWER:<\/td>\n<\/tr>\n<tr>\n<td class=\"specs1\">Surface area\u00a0(ha)<\/td>\n<td class=\"specsspace\" width=\"20\"><\/td>\n<td class=\"specs2\">180<\/td>\n<\/tr>\n<tr>\n<td class=\"specs1\">Power (MW)<\/td>\n<td class=\"specsspace\" width=\"20\"><\/td>\n<td class=\"specs2\">144<\/td>\n<\/tr>\n<tr>\n<td style=\"height: 1px; line-height: 2px;\" colspan=\"3\" height=\"1\">\n<hr class=\"spechr\" \/>\n<\/td>\n<\/tr>\n<\/tbody>\n<\/table>\n[\/vc_column_text][\/vc_column][vc_column width=&#8221;1\/2&#8243;][mk_padding_divider size=&#8221;190&#8243; visibility=&#8221;hidden-sm&#8221;][vc_column_text css=&#8221;.vc_custom_1696231573379{margin-bottom: 0px !important;}&#8221;]<span style=\"text-align: center; margin-left: auto; margin-right: auto;\"><img loading=\"lazy\" decoding=\"async\" class=\"alignnone size-medium wp-image-375\" src=\"https:\/\/west-wind.fi\/wp-content\/uploads\/2023\/10\/tuuliturbiini-300x300.png\" alt=\"Tuuliturbiini\" width=\"200\" height=\"200\" srcset=\"https:\/\/west-wind.fi\/wp-content\/uploads\/2023\/10\/tuuliturbiini.png 300w, https:\/\/west-wind.fi\/wp-content\/uploads\/2023\/10\/tuuliturbiini-150x150.png 150w\" sizes=\"auto, (max-width: 200px) 100vw, 200px\" \/><img loading=\"lazy\" decoding=\"async\" class=\"alignnone size-medium wp-image-377\" src=\"https:\/\/west-wind.fi\/wp-content\/uploads\/2023\/10\/aurinkovoimapuisto-300x300.png\" alt=\"\" width=\"200\" height=\"200\" srcset=\"https:\/\/west-wind.fi\/wp-content\/uploads\/2023\/10\/aurinkovoimapuisto.png 300w, https:\/\/west-wind.fi\/wp-content\/uploads\/2023\/10\/aurinkovoimapuisto-150x150.png 150w\" sizes=\"auto, (max-width: 200px) 100vw, 200px\" \/><\/span>[\/vc_column_text][\/vc_column][\/mk_page_section]\n<\/div>","protected":false},"excerpt":{"rendered":"<p>[vc_row][vc_column][\/vc_column][\/vc_row][vc_row][vc_column][mk_padding_divider size=&#8221;50&#8243;][\/vc_column][\/vc_row][vc_row][vc_column width=&#8221;1\/2&#8243;][mk_gallery images=&#8221;402&#8243; column=&#8221;1&#8243; image_size=&#8221;full&#8221; hover_scenarios=&#8221;slow_zoom&#8221; item_spacing=&#8221;10&#8243;][mk_padding_divider][\/vc_column][vc_column width=&#8221;1\/2&#8243;][vc_column_text css=&#8221;.vc_custom_1696319308221{margin-bottom: 0px !important;}&#8221;] Pirtti-Moskuva Keuruu, Multia ja Pet\u00e4j\u00e4vesi The Pirtti-Moskuva project spans the municipalities of Keuruu, Pet\u00e4j\u00e4vesi, and Multia. The project area is located approximately 6 km from the center of Pet\u00e4j\u00e4vesi and about 12 km from the central areas of Multia and Keuruu. The project [&hellip;]<\/p>\n","protected":false},"author":1,"featured_media":0,"parent":433,"menu_order":0,"comment_status":"closed","ping_status":"closed","template":"","meta":{"footnotes":""},"class_list":["post-437","page","type-page","status-publish","hentry"],"_links":{"self":[{"href":"https:\/\/west-wind.fi\/en\/wp-json\/wp\/v2\/pages\/437","targetHints":{"allow":["GET"]}}],"collection":[{"href":"https:\/\/west-wind.fi\/en\/wp-json\/wp\/v2\/pages"}],"about":[{"href":"https:\/\/west-wind.fi\/en\/wp-json\/wp\/v2\/types\/page"}],"author":[{"embeddable":true,"href":"https:\/\/west-wind.fi\/en\/wp-json\/wp\/v2\/users\/1"}],"replies":[{"embeddable":true,"href":"https:\/\/west-wind.fi\/en\/wp-json\/wp\/v2\/comments?post=437"}],"version-history":[{"count":4,"href":"https:\/\/west-wind.fi\/en\/wp-json\/wp\/v2\/pages\/437\/revisions"}],"predecessor-version":[{"id":467,"href":"https:\/\/west-wind.fi\/en\/wp-json\/wp\/v2\/pages\/437\/revisions\/467"}],"up":[{"embeddable":true,"href":"https:\/\/west-wind.fi\/en\/wp-json\/wp\/v2\/pages\/433"}],"wp:attachment":[{"href":"https:\/\/west-wind.fi\/en\/wp-json\/wp\/v2\/media?parent=437"}],"curies":[{"name":"wp","href":"https:\/\/api.w.org\/{rel}","templated":true}]}}